{"id":23121,"date":"2017-10-30T19:52:49","date_gmt":"2017-10-30T19:52:49","guid":{"rendered":"https:\/\/ags.ru\/ags-blog\/"},"modified":"2020-08-29T00:23:02","modified_gmt":"2020-08-28T21:23:02","slug":"ags-blog","status":"publish","type":"page","link":"https:\/\/ags.ru\/tr\/ags-blog\/","title":{"rendered":"Blog"},"content":{"rendered":"<section class=\"l-section wpb_row height_medium color_alternate\"><div class=\"l-section-h i-cf\"><div class=\"g-cols vc_row via_flex valign_middle type_default\"><div class=\"vc_col-sm-12 wpb_column vc_column_container\"><div class=\"vc_column-inner\"><div class=\"wpb_wrapper\"><div class=\"wpb_text_column\"><div class=\"wpb_wrapper\"><h1 style=\"text-align: center;\"><h2 class=\"w-itext us_custom_22c094b1 type_fadeIn align_center\" onclick='return {&quot;duration&quot;:300,&quot;delay&quot;:5000,&quot;disablePartAnimation&quot;:false,&quot;html_nbsp_char&quot;:true}'><span class=\"w-itext-part changesat_0 changesat_1 changesat_2 dynamic\" onclick='return [&quot;Iskra\\u00a0Blog&quot;,&quot;Plastik\\u00a0ve\\u00a0Boya\\u00a0End\\u00fcstrisi\\u00a0Haberleri&quot;,&quot;\\u0130skra&#039;dan\\u00a0haberdar\\u00a0olun&quot;]'><span>Iskra&nbsp;Blog<\/span><\/span><\/h2><\/h1>\n<\/div><\/div><div class=\"w-separator size_medium with_line width_default thick_1 style_solid color_border align_center\"><div class=\"w-separator-h\"><\/div><\/div><div class=\"w-grid type_grid layout_26346 cols_3 overflow_hidden with_filters\" id=\"us_grid_1\"><style>#us_grid_1 .w-grid-item{padding:4px}#us_grid_1 .w-grid-list{margin:4px -4px}.w-grid + #us_grid_1 .w-grid-list,.w-grid-none + #us_grid_1 .w-grid-list{margin-top:4px}@media (max-width:-1px){#us_grid_1 .w-grid-item{width:50%}}@media (max-width:-1px){#us_grid_1 .w-grid-list{margin:0}#us_grid_1 .w-grid-item{width:100%;padding:0;margin-bottom:4px}}.layout_26346 .w-grid-item-h{background:#ffffff;border-radius:0.15rem;box-shadow:0 0.03rem 0.06rem rgba(0,0,0,0.1),0 0.1rem 0.3rem rgba(0,0,0,0.1);transition-duration:0.3s}.no-touch .layout_26346 .w-grid-item-h:hover{box-shadow:0 0.2rem 0.4rem rgba(0,0,0,0.1),0 0.67rem 2rem rgba(0,0,0,0.15);z-index:4}.layout_26346 .usg_vwrapper_1{padding:32px 40px 40px 40px!important}.layout_26346 .usg_hwrapper_1{color:#949799!important}.layout_26346 .usg_post_date_1{font-size:0.9rem!important}.layout_26346 .usg_post_taxonomy_1{font-size:0.9rem!important}.layout_26346 .usg_post_taxonomy_2{font-size:0.9rem!important}<\/style><div class=\"g-filters style_3 align_center\"><a class=\"g-filters-item active\" href=\"javascript:void(0)\" data-taxonomy=\"*\"><span>Hepsi<\/span><\/a><a class=\"g-filters-item\" href=\"javascript:void(0)\" data-taxonomy=\"fuarlar\" data-amount=\"3\"><span>fuarlar<\/span><span class=\"g-filters-item-amount\">3<\/span><\/a><a class=\"g-filters-item\" href=\"javascript:void(0)\" data-taxonomy=\"haberler\" data-amount=\"1\"><span>haberler<\/span><span class=\"g-filters-item-amount\">1<\/span><\/a><a class=\"g-filters-item\" href=\"javascript:void(0)\" data-taxonomy=\"sektorel\" data-amount=\"2\"><span>sekt\u00f6rel<\/span><span class=\"g-filters-item-amount\">2<\/span><\/a><a class=\"g-filters-item\" href=\"javascript:void(0)\" data-taxonomy=\"urunler-hakkinda\" data-amount=\"1\"><span>\u00fcr\u00fcnler hakk\u0131nda<\/span><span class=\"g-filters-item-amount\">1<\/span><\/a><a class=\"g-filters-item\" href=\"javascript:void(0)\" data-taxonomy=\"video-tr\" data-amount=\"1\"><span>video<\/span><span class=\"g-filters-item-amount\">1<\/span><\/a><\/div><div class=\"w-grid-list\" data-filter_taxonomy_name=\"category\">\t<article class=\"w-grid-item post-24330 post type-post status-publish format-standard has-post-thumbnail hentry category-fuarlar\" data-id=\"24330\">\r\n\t\t<div class=\"w-grid-item-h\">\r\n\t\t\t\t\t\t<div class=\"w-post-elm post_image usg_post_image_1 stretched\"><a href=\"https:\/\/ags.ru\/tr\/interlakokraska2018\/\" aria-label=\"\u0418\u043d\u0442\u0435\u0440\u043b\u0430\u043a\u043e\u043a\u0440\u0430\u0441\u043a\u0430 2018\"><img loading=\"lazy\" decoding=\"async\" width=\"600\" height=\"400\" src=\"https:\/\/ags.ru\/wp-content\/uploads\/2018\/01\/319333_original-600x400.jpg\" class=\"attachment-us_600_400_crop size-us_600_400_crop wp-post-image\" alt=\"\" \/><\/a><\/div><div class=\"w-vwrapper usg_vwrapper_1 align_left valign_top\"><h2 class=\"w-post-elm post_title usg_post_title_1 entry-title color_link_inherit\"><a href=\"https:\/\/ags.ru\/tr\/interlakokraska2018\/\">\u0418\u043d\u0442\u0435\u0440\u043b\u0430\u043a\u043e\u043a\u0440\u0430\u0441\u043a\u0430 2018<\/a><\/h2><div class=\"w-hwrapper usg_hwrapper_1 align_left valign_top wrap\"><time class=\"w-post-elm post_date usg_post_date_1 entry-date published\" datetime=\"2018-01-30T12:16:27+03:00\"><i class=\"material-icons\">access_time<\/i>2018-01-30<\/time><div class=\"w-post-elm post_taxonomy usg_post_taxonomy_1 style_simple color_link_inherit\"><i class=\"material-icons\">folder_open<\/i><a href=\"https:\/\/ags.ru\/tr\/category\/fuarlar\/\">fuarlar<\/a><\/div><\/div><div class=\"w-post-elm post_content usg_post_content_1\">\u0421 27 \u0444\u0435\u0432\u0440\u0430\u043b\u044f \u043f\u043e 2 \u043c\u0430\u0440\u0442\u0430 2018 \u0433\u043e\u0434\u0430 \u0432 \u0426\u0435\u043d\u0442\u0440\u0430\u043b\u044c\u043d\u043e\u043c \u0412\u044b\u0441\u0442\u0430\u0432\u043e\u0447\u043d\u043e\u043c \u041a\u043e\u043c\u043f\u043b\u0435\u043a\u0441\u0435 \u00ab\u042d\u043a\u0441\u043f\u043e\u0446\u0435\u043d\u0442\u0440\u00bb (\u043f\u0430\u0432\u0438\u043b\u044c\u043e\u043d \u00ab\u0424\u043e\u0440\u0443\u043c\u00bb) \u0432 \u041c\u043e\u0441\u043a\u0432\u0435 \u043f\u0440\u043e\u0439\u0434\u0435\u0442 22-\u044f \u043c\u0435\u0436\u0434\u0443\u043d\u0430\u0440\u043e\u0434\u043d\u0430\u044f \u0441\u043f\u0435\u0446\u0438\u0430\u043b\u0438\u0437\u0438\u0440\u043e\u0432\u0430\u043d\u043d\u0430\u044f \u0432\u044b\u0441\u0442\u0430\u0432\u043a\u0430 \u00ab\u0418\u043d\u0442\u0435\u0440\u043b\u0430\u043a\u043e\u043a\u0440\u0430\u0441\u043a\u0430-2018\u00bb &#8211; \u0433\u043b\u0430\u0432\u043d\u043e\u0435 \u0441\u043e\u0431\u044b\u0442\u0438\u0435 \u0433\u043e\u0434\u0430 \u0434\u043b\u044f \u043b\u0430\u043a\u043e\u043a\u0440\u0430\u0441\u043e\u0447\u043d\u043e\u0439 \u043e\u0442\u0440\u0430\u0441\u043b\u0438. \u0423\u0447\u0430\u0441\u0442\u0438\u0435 \u0432 \u0432\u044b\u0441\u0442\u0430\u0432\u043a\u0435 \u043f\u0440\u0438\u043d\u0438\u043c\u0430\u044e\u0442 \u0432\u0435\u0434\u0443\u0449\u0438\u0435 \u0440\u043e\u0441\u0441\u0438\u0439\u0441\u043a\u0438\u0435 \u0438 \u043c\u0438\u0440\u043e\u0432\u044b\u0435 \u043f\u0440\u043e\u0438\u0437\u0432\u043e\u0434\u0438\u0442\u0435\u043b\u0438 \u043b\u0430\u043a\u043e\u043a\u0440\u0430\u0441\u043e\u0447\u043d\u044b\u0445&hellip;<\/div><\/div>\t\t<\/div>\r\n\t<\/article>\r\n\t<article class=\"w-grid-item post-23874 post type-post status-publish format-standard has-post-thumbnail hentry category-fuarlar category-uncategorized\" data-id=\"23874\">\r\n\t\t<div class=\"w-grid-item-h\">\r\n\t\t\t\t\t\t<div class=\"w-post-elm post_image usg_post_image_1 stretched\"><a href=\"https:\/\/ags.ru\/tr\/interplastica-2018-tur\/\" aria-label=\"Interplastica 2018 Fuar\"><img loading=\"lazy\" decoding=\"async\" width=\"600\" height=\"400\" src=\"https:\/\/ags.ru\/wp-content\/uploads\/2017\/12\/shutterstock_178610705_600X400-600x400.jpg\" class=\"attachment-us_600_400_crop size-us_600_400_crop wp-post-image\" alt=\"Interplastica 2018 Fuar\" srcset=\"https:\/\/ags.ru\/wp-content\/uploads\/2017\/12\/shutterstock_178610705_600X400-600x400.jpg 600w, https:\/\/ags.ru\/wp-content\/uploads\/2017\/12\/shutterstock_178610705_600X400-300x200.jpg 300w, https:\/\/ags.ru\/wp-content\/uploads\/2017\/12\/shutterstock_178610705_600X400-768x512.jpg 768w, https:\/\/ags.ru\/wp-content\/uploads\/2017\/12\/shutterstock_178610705_600X400-1024x683.jpg 1024w, https:\/\/ags.ru\/wp-content\/uploads\/2017\/12\/shutterstock_178610705_600X400.jpg 1200w\" sizes=\"auto, (max-width: 600px) 100vw, 600px\" \/><\/a><\/div><div class=\"w-vwrapper usg_vwrapper_1 align_left valign_top\"><h2 class=\"w-post-elm post_title usg_post_title_1 entry-title color_link_inherit\"><a href=\"https:\/\/ags.ru\/tr\/interplastica-2018-tur\/\">Interplastica 2018 Fuar<\/a><\/h2><div class=\"w-hwrapper usg_hwrapper_1 align_left valign_top wrap\"><time class=\"w-post-elm post_date usg_post_date_1 entry-date published\" datetime=\"2017-12-14T09:31:55+03:00\"><i class=\"material-icons\">access_time<\/i>2017-12-14<\/time><div class=\"w-post-elm post_taxonomy usg_post_taxonomy_1 style_simple color_link_inherit\"><i class=\"material-icons\">folder_open<\/i><a href=\"https:\/\/ags.ru\/tr\/category\/fuarlar\/\">fuarlar<\/a>, <a href=\"https:\/\/ags.ru\/category\/uncategorized\/\">Uncategorized<\/a><\/div><\/div><div class=\"w-post-elm post_content usg_post_content_1\">Interplastica Rusya&#8217;daki en \u00f6nemli plastik ve kau\u00e7uk olaylar\u0131ndan biridir. Her y\u0131l Moskova&#8217;daki Expo Center&#8217;da d\u00fczenlenen, 23&#8217;ten fazla ziyaret\u00e7iyle 35&#8217;ten fazla \u00fclkeden kat\u0131l\u0131mc\u0131lara sahiptir. Bu y\u0131l 1. salonda olaca\u011f\u0131z. Mineral dolgular\u0131m\u0131z, koruyucu PE filmlerimiz ve PVC \u00f6zel kimyasallar\u0131m\u0131z hakk\u0131nda bilgi vermeye&hellip;<\/div><\/div>\t\t<\/div>\r\n\t<\/article>\r\n\t<article class=\"w-grid-item post-23911 post type-post status-publish format-standard has-post-thumbnail hentry category-sektorel tag-paint-tr\" data-id=\"23911\">\r\n\t\t<div class=\"w-grid-item-h\">\r\n\t\t\t\t\t\t<div class=\"w-post-elm post_image usg_post_image_1 stretched\"><a href=\"https:\/\/ags.ru\/tr\/assosiatsiya-kachestva-kraski\/\" aria-label=\"Boya Kalitesi Birli\u011fi, \u00f6nde gelen DIY zincirleriyle mutabakat anla\u015fmas\u0131 imzalad\u0131\"><img loading=\"lazy\" decoding=\"async\" width=\"600\" height=\"400\" src=\"https:\/\/ags.ru\/wp-content\/uploads\/2014\/09\/paint-pallette-small-600x400.jpg\" class=\"attachment-us_600_400_crop size-us_600_400_crop wp-post-image\" alt=\"\" \/><\/a><\/div><div class=\"w-vwrapper usg_vwrapper_1 align_left valign_top\"><h2 class=\"w-post-elm post_title usg_post_title_1 entry-title color_link_inherit\"><a href=\"https:\/\/ags.ru\/tr\/assosiatsiya-kachestva-kraski\/\">Boya Kalitesi Birli\u011fi, \u00f6nde gelen DIY zincirleriyle mutabakat anla\u015fmas\u0131 imzalad\u0131<\/a><\/h2><div class=\"w-hwrapper usg_hwrapper_1 align_left valign_top wrap\"><time class=\"w-post-elm post_date usg_post_date_1 entry-date published\" datetime=\"2017-09-12T12:32:15+03:00\"><i class=\"material-icons\">access_time<\/i>2017-09-12<\/time><div class=\"w-post-elm post_taxonomy usg_post_taxonomy_1 style_simple color_link_inherit\"><i class=\"material-icons\">folder_open<\/i><a href=\"https:\/\/ags.ru\/tr\/category\/sektorel\/\">sekt\u00f6rel<\/a><\/div><div class=\"w-post-elm post_taxonomy usg_post_taxonomy_2 style_simple color_link_inherit\"><i class=\"material-icons\">turned_in_not<\/i><a href=\"https:\/\/ags.ru\/tr\/tag\/paint-tr\/\" rel=\"tag\">paint<\/a><\/div><\/div><div class=\"w-post-elm post_content usg_post_content_1\">\u00d6nc\u00fc Diy A\u011flar\u0131 ve &#8220;Boya Kalitesi Derne\u011fi&#8221; \u0130\u015fbirli\u011fi Mutabakat\u0131n\u0131 imzalad\u0131. Boya ve Vernik \u00fcreticilerinin end\u00fcstri konferans\u0131 \u00e7er\u00e7evesinde Ekim ay\u0131 ba\u015f\u0131nda, Boya Kalitesi Birli\u011fi ile \u00f6nde gelen DIY aras\u0131nda bir mutabakat anla\u015fmas\u0131 imzalayan bir t\u00f6ren d\u00fczenlendi Rusya&#8217;daki \u015febekeler: Leroy Merlin Vostok,&hellip;<\/div><\/div>\t\t<\/div>\r\n\t<\/article>\r\n<\/div><div class=\"w-grid-preloader\"><div class=\"g-preloader type_1\">\r\n\t<div><\/div>\r\n<\/div>\r\n<\/div>\t\t<div class=\"g-loadmore \">\r\n\t\t\t<div class=\"g-preloader type_1\">\r\n\t\t\t\t<div><\/div>\r\n\t\t\t<\/div>\r\n\t\t\t<a class=\"w-btn us-btn-style_1\" href=\"javascript:void(0)\">\r\n\t\t\t\t<span class=\"w-btn-label\">Daha fazla<\/span>\r\n\t\t\t<\/a>\r\n\t\t<\/div>\r\n\t\t\t<div class=\"w-grid-json hidden\" onclick='return {&quot;action&quot;:&quot;us_ajax_grid&quot;,&quot;ajax_url&quot;:&quot;https:\\\/\\\/ags.ru\\\/wp-admin\\\/admin-ajax.php&quot;,&quot;infinite_scroll&quot;:true,&quot;max_num_pages&quot;:2,&quot;pagination&quot;:&quot;ajax&quot;,&quot;permalink_url&quot;:&quot;https:\\\/\\\/ags.ru\\\/tr\\\/wp-json\\\/wp\\\/v2\\\/pages\\\/23121\\\/&quot;,&quot;template_vars&quot;:{&quot;columns&quot;:&quot;3&quot;,&quot;exclude_items&quot;:&quot;none&quot;,&quot;img_size&quot;:&quot;us_600_400_crop&quot;,&quot;ignore_items_size&quot;:false,&quot;items_layout&quot;:&quot;26346&quot;,&quot;items_offset&quot;:&quot;1&quot;,&quot;load_animation&quot;:&quot;none&quot;,&quot;overriding_link&quot;:&quot;none&quot;,&quot;post_id&quot;:23121,&quot;query_args&quot;:{&quot;post_type&quot;:[&quot;post&quot;],&quot;post_status&quot;:[&quot;publish&quot;,&quot;acf-disabled&quot;],&quot;posts_per_page&quot;:&quot;3&quot;},&quot;orderby_query_args&quot;:{&quot;orderby&quot;:{&quot;date&quot;:&quot;DESC&quot;}},&quot;type&quot;:&quot;grid&quot;,&quot;us_grid_ajax_index&quot;:1,&quot;us_grid_filter_params&quot;:null,&quot;us_grid_index&quot;:1,&quot;_us_grid_post_type&quot;:&quot;post&quot;,&quot;lang&quot;:&quot;tr&quot;}}'><\/div>\r\n\t<\/div><\/div><\/div><\/div><\/div><\/div><\/section>\n","protected":false},"excerpt":{"rendered":"\u00d6nc\u00fc Diy A\u011flar\u0131 ve &#8220;Boya Kalitesi Derne\u011fi&#8221; \u0130\u015fbirli\u011fi Mutabakat\u0131n\u0131 imzalad\u0131. Boya ve Vernik \u00fcreticilerinin end\u00fcstri konferans\u0131 \u00e7er\u00e7evesinde Ekim ay\u0131 ba\u015f\u0131nda, Boya Kalitesi Birli\u011fi ile \u00f6nde gelen DIY aras\u0131nda bir mutabakat anla\u015fmas\u0131 imzalayan bir t\u00f6ren d\u00fczenlendi Rusya&#8217;daki \u015febekeler: Leroy Merlin Vostok, STD Petrovich, K-rauta ve Mir Paint. \u0130mzalanan belgede, Rusya pazar\u0131nda boya ve cila malzemelerinin g\u00fcvenli\u011fi...","protected":false},"author":1,"featured_media":0,"parent":0,"menu_order":0,"comment_status":"closed","ping_status":"closed","template":"","meta":{"_acf_changed":false,"_monsterinsights_skip_tracking":false,"_monsterinsights_sitenote_active":false,"_monsterinsights_sitenote_note":"","_monsterinsights_sitenote_category":0,"footnotes":""},"class_list":["post-23121","page","type-page","status-publish","hentry"],"acf":[],"yoast_head":"<!-- This site is optimized with the Yoast SEO plugin v26.8 - https:\/\/yoast.com\/product\/yoast-seo-wordpress\/ -->\n<title>Blog - AGSCARB<\/title>\n<meta name=\"robots\" content=\"index, follow, max-snippet:-1, max-image-preview:large, max-video-preview:-1\" \/>\n<link rel=\"canonical\" href=\"https:\/\/ags.ru\/tr\/ags-blog\/\" \/>\n<meta property=\"og:locale\" content=\"tr_TR\" \/>\n<meta property=\"og:type\" content=\"article\" \/>\n<meta property=\"og:title\" content=\"Blog - AGSCARB\" \/>\n<meta property=\"og:url\" content=\"https:\/\/ags.ru\/tr\/ags-blog\/\" \/>\n<meta property=\"og:site_name\" content=\"AGSCARB\" \/>\n<meta property=\"article:modified_time\" content=\"2020-08-28T21:23:02+00:00\" \/>\n<meta name=\"twitter:card\" content=\"summary_large_image\" \/>\n<meta name=\"twitter:label1\" content=\"Tahmini okuma s\u00fcresi\" \/>\n\t<meta name=\"twitter:data1\" content=\"1 dakika\" \/>\n<script type=\"application\/ld+json\" class=\"yoast-schema-graph\">{\"@context\":\"https:\/\/schema.org\",\"@graph\":[{\"@type\":\"WebPage\",\"@id\":\"https:\/\/ags.ru\/tr\/ags-blog\/\",\"url\":\"https:\/\/ags.ru\/tr\/ags-blog\/\",\"name\":\"Blog - AGSCARB\",\"isPartOf\":{\"@id\":\"https:\/\/ags.ru\/#website\"},\"datePublished\":\"2017-10-30T19:52:49+00:00\",\"dateModified\":\"2020-08-28T21:23:02+00:00\",\"breadcrumb\":{\"@id\":\"https:\/\/ags.ru\/tr\/ags-blog\/#breadcrumb\"},\"inLanguage\":\"tr\",\"potentialAction\":[{\"@type\":\"ReadAction\",\"target\":[\"https:\/\/ags.ru\/tr\/ags-blog\/\"]}]},{\"@type\":\"BreadcrumbList\",\"@id\":\"https:\/\/ags.ru\/tr\/ags-blog\/#breadcrumb\",\"itemListElement\":[{\"@type\":\"ListItem\",\"position\":1,\"name\":\"Home\",\"item\":\"https:\/\/ags.ru\/tr\/\"},{\"@type\":\"ListItem\",\"position\":2,\"name\":\"Blog\"}]},{\"@type\":\"WebSite\",\"@id\":\"https:\/\/ags.ru\/#website\",\"url\":\"https:\/\/ags.ru\/\",\"name\":\"AGSCARB\",\"description\":\"AGSCARB\",\"potentialAction\":[{\"@type\":\"SearchAction\",\"target\":{\"@type\":\"EntryPoint\",\"urlTemplate\":\"https:\/\/ags.ru\/?s={search_term_string}\"},\"query-input\":{\"@type\":\"PropertyValueSpecification\",\"valueRequired\":true,\"valueName\":\"search_term_string\"}}],\"inLanguage\":\"tr\"}]}<\/script>\n<!-- \/ Yoast SEO plugin. -->","yoast_head_json":{"title":"Blog - AGSCARB","robots":{"index":"index","follow":"follow","max-snippet":"max-snippet:-1","max-image-preview":"max-image-preview:large","max-video-preview":"max-video-preview:-1"},"canonical":"https:\/\/ags.ru\/tr\/ags-blog\/","og_locale":"tr_TR","og_type":"article","og_title":"Blog - AGSCARB","og_url":"https:\/\/ags.ru\/tr\/ags-blog\/","og_site_name":"AGSCARB","article_modified_time":"2020-08-28T21:23:02+00:00","twitter_card":"summary_large_image","twitter_misc":{"Tahmini okuma s\u00fcresi":"1 dakika"},"schema":{"@context":"https:\/\/schema.org","@graph":[{"@type":"WebPage","@id":"https:\/\/ags.ru\/tr\/ags-blog\/","url":"https:\/\/ags.ru\/tr\/ags-blog\/","name":"Blog - AGSCARB","isPartOf":{"@id":"https:\/\/ags.ru\/#website"},"datePublished":"2017-10-30T19:52:49+00:00","dateModified":"2020-08-28T21:23:02+00:00","breadcrumb":{"@id":"https:\/\/ags.ru\/tr\/ags-blog\/#breadcrumb"},"inLanguage":"tr","potentialAction":[{"@type":"ReadAction","target":["https:\/\/ags.ru\/tr\/ags-blog\/"]}]},{"@type":"BreadcrumbList","@id":"https:\/\/ags.ru\/tr\/ags-blog\/#breadcrumb","itemListElement":[{"@type":"ListItem","position":1,"name":"Home","item":"https:\/\/ags.ru\/tr\/"},{"@type":"ListItem","position":2,"name":"Blog"}]},{"@type":"WebSite","@id":"https:\/\/ags.ru\/#website","url":"https:\/\/ags.ru\/","name":"AGSCARB","description":"AGSCARB","potentialAction":[{"@type":"SearchAction","target":{"@type":"EntryPoint","urlTemplate":"https:\/\/ags.ru\/?s={search_term_string}"},"query-input":{"@type":"PropertyValueSpecification","valueRequired":true,"valueName":"search_term_string"}}],"inLanguage":"tr"}]}},"_links":{"self":[{"href":"https:\/\/ags.ru\/tr\/wp-json\/wp\/v2\/pages\/23121","targetHints":{"allow":["GET"]}}],"collection":[{"href":"https:\/\/ags.ru\/tr\/wp-json\/wp\/v2\/pages"}],"about":[{"href":"https:\/\/ags.ru\/tr\/wp-json\/wp\/v2\/types\/page"}],"author":[{"embeddable":true,"href":"https:\/\/ags.ru\/tr\/wp-json\/wp\/v2\/users\/1"}],"replies":[{"embeddable":true,"href":"https:\/\/ags.ru\/tr\/wp-json\/wp\/v2\/comments?post=23121"}],"version-history":[{"count":15,"href":"https:\/\/ags.ru\/tr\/wp-json\/wp\/v2\/pages\/23121\/revisions"}],"predecessor-version":[{"id":27442,"href":"https:\/\/ags.ru\/tr\/wp-json\/wp\/v2\/pages\/23121\/revisions\/27442"}],"wp:attachment":[{"href":"https:\/\/ags.ru\/tr\/wp-json\/wp\/v2\/media?parent=23121"}],"curies":[{"name":"wp","href":"https:\/\/api.w.org\/{rel}","templated":true}]}}