{"id":23157,"date":"2013-05-31T11:56:39","date_gmt":"2013-05-31T11:56:39","guid":{"rendered":"https:\/\/ags.ru\/contact\/"},"modified":"2023-03-28T00:57:18","modified_gmt":"2023-03-27T21:57:18","slug":"ags-iletisim","status":"publish","type":"page","link":"https:\/\/ags.ru\/tr\/about-iskra-llc\/ags-iletisim\/","title":{"rendered":"Bize Ula\u015f\u0131n"},"content":{"rendered":"<section class=\"l-section wpb_row height_medium\"><div class=\"l-section-h i-cf\"><div class=\"g-cols vc_row via_flex valign_top type_default\"><div class=\"vc_col-sm-8 wpb_column vc_column_container\"><div class=\"vc_column-inner\"><div class=\"wpb_wrapper\"><form class=\"w-form  layout_ver for_cform us_form_1\" autocomplete=\"off\" action=\"https:\/\/ags.ru\/tr\/wp-json\/wp\/v2\/pages\/23157\" method=\"post\"><div class=\"w-form-h\"><div class=\"w-form-row for_text has_label move_label required with_icon\">\r\n\t\t\t<div class=\"w-form-row-label\">\r\n\t\t\t<span>Name *<\/span>\r\n\t\t<\/div>\r\n\t\t<div class=\"w-form-row-field\">\r\n\t\t\t\t<i class=\"material-icons\">person<\/i>\t\t<input aria-label=\"Name\" type=\"text\" name=\"us_form_1_text_1\" value placeholder data-required=\"true\" aria-required=\"true\"\/>\r\n\t\t\t<\/div>\r\n\t\t<div class=\"w-form-row-state\">Fill out this field<\/div>\r\n<\/div>\r\n<div class=\"w-form-row for_text has_label move_label required with_icon\">\r\n\t\t\t<div class=\"w-form-row-label\">\r\n\t\t\t<span>Email *<\/span>\r\n\t\t<\/div>\r\n\t\t<div class=\"w-form-row-field\">\r\n\t\t\t\t<i class=\"material-icons\">email<\/i>\t\t<input aria-label=\"Email\" type=\"text\" name=\"us_form_1_text_2\" value placeholder data-required=\"true\" aria-required=\"true\"\/>\r\n\t\t\t<\/div>\r\n\t\t<div class=\"w-form-row-state\">Fill out this field<\/div>\r\n<\/div>\r\n<div class=\"w-form-row for_text has_label move_label required with_icon\">\r\n\t\t\t<div class=\"w-form-row-label\">\r\n\t\t\t<span>Phone *<\/span>\r\n\t\t<\/div>\r\n\t\t<div class=\"w-form-row-field\">\r\n\t\t\t\t<i class=\"material-icons\">phone<\/i>\t\t<input aria-label=\"Phone\" type=\"text\" name=\"us_form_1_text_3\" value placeholder data-required=\"true\" aria-required=\"true\"\/>\r\n\t\t\t<\/div>\r\n\t\t<div class=\"w-form-row-state\">Fill out this field<\/div>\r\n<\/div>\r\n<div class=\"w-form-row for_textarea has_label move_label required with_icon\">\r\n\t\t\t<div class=\"w-form-row-label\">\r\n\t\t\t<span>Text *<\/span>\r\n\t\t<\/div>\r\n\t\t<div class=\"w-form-row-field\">\r\n\t\t\t\t<i class=\"material-icons\">create<\/i>\t\t<textarea aria-label=\"Text\" name=\"us_form_1_textarea_1\" placeholder data-required=\"true\" aria-required=\"true\"><\/textarea>\r\n\t\t\t<\/div>\r\n\t\t<div class=\"w-form-row-state\">Fill out this field<\/div>\r\n<\/div>\r\n<input type=\"hidden\" name=\"action\" value=\"us_ajax_cform\" \/>\r\n<input type=\"hidden\" name=\"post_id\" value=\"0\" \/>\r\n<input type=\"hidden\" name=\"form_index\" value=\"1\" \/>\r\n<div class=\"w-form-row for_submit align_none\">\r\n\t<div class=\"w-form-row-field\">\r\n\t\t<button class=\"w-btn  us-btn-style_4\" aria-label=\"G\u00f6nder\" type=\"submit\">\r\n\t\t\t<span class=\"g-preloader type_1\"><\/span>\r\n\t\t\t\t\t\t<span class=\"w-btn-label\">G\u00f6nder<\/span>\r\n\t\t\t\t\t<\/button>\r\n\t<\/div>\r\n<\/div>\r\n<\/div><div class=\"w-form-message\"><\/div><div class=\"w-form-json hidden\" onclick='return {&quot;ajaxurl&quot;:&quot;https:\\\/\\\/ags.ru\\\/wp-admin\\\/admin-ajax.php&quot;}'><\/div><\/form><\/div><\/div><\/div><div class=\"vc_col-sm-4 wpb_column vc_column_container\"><div class=\"vc_column-inner\"><div class=\"wpb_wrapper\"><div class=\"wpb_text_column\"><div class=\"wpb_wrapper\"><h3>Sosyal A\u011flar<\/h3>\n<\/div><\/div><div class=\"w-socials us_custom_a5c88937 color_brand shape_circle style_solid hover_fade\" style=\"--gap:0.1em;\"><div class=\"w-socials-list\"><div class=\"w-socials-item facebook\"><a class=\"w-socials-item-link\" href=\"#\" target=\"_blank\" rel=\"noopener nofollow\" title=\"Facebook\" aria-label=\"Facebook\"><span class=\"w-socials-item-link-hover\"><\/span><i class=\"fab fa-facebook\"><\/i><\/a><div class=\"w-socials-item-popup\"><span>Facebook<\/span><\/div><\/div><div class=\"w-socials-item twitter\"><a class=\"w-socials-item-link\" href=\"#\" target=\"_blank\" rel=\"noopener nofollow\" title=\"Twitter\" aria-label=\"Twitter\"><span class=\"w-socials-item-link-hover\"><\/span><i class=\"fab fa-twitter\"><\/i><\/a><div class=\"w-socials-item-popup\"><span>Twitter<\/span><\/div><\/div><div class=\"w-socials-item google\"><a class=\"w-socials-item-link\" href=\"#\" target=\"_blank\" rel=\"noopener nofollow\" title=\"Google\" aria-label=\"Google\"><span class=\"w-socials-item-link-hover\"><\/span><i class=\"fab fa-google\"><\/i><\/a><div class=\"w-socials-item-popup\"><span>Google<\/span><\/div><\/div><div class=\"w-socials-item youtube\"><a class=\"w-socials-item-link\" href=\"#\" target=\"_blank\" rel=\"noopener nofollow\" title=\"YouTube\" aria-label=\"YouTube\"><span class=\"w-socials-item-link-hover\"><\/span><i class=\"fab fa-youtube\"><\/i><\/a><div class=\"w-socials-item-popup\"><span>YouTube<\/span><\/div><\/div><div class=\"w-socials-item vk\"><a class=\"w-socials-item-link\" href=\"#\" target=\"_blank\" rel=\"noopener nofollow\" title=\"Vkontakte\" aria-label=\"Vkontakte\"><span class=\"w-socials-item-link-hover\"><\/span><i class=\"fab fa-vk\"><\/i><\/a><div class=\"w-socials-item-popup\"><span>Vkontakte<\/span><\/div><\/div><\/div><\/div><div class=\"w-separator size_medium with_line width_default thick_1 style_solid color_border align_center\"><div class=\"w-separator-h\"><\/div><\/div><div class=\"wpb_text_column\"><div class=\"wpb_wrapper\"><h3>ISKRA LLC<\/h3>\n<\/div><\/div><div class=\"w-iconbox iconpos_left style_default color_light align_left no_text\"><div class=\"w-iconbox-icon\"><i class=\"material-icons\">home<\/i><\/div><div class=\"w-iconbox-meta\"><h6 class=\"w-iconbox-title\">125284, Moskova, Leningradsky Prospekt 35<\/h6><\/div><\/div><div class=\"w-separator size_small with_line width_default thick_1 style_solid color_border align_center\"><div class=\"w-separator-h\"><\/div><\/div><div class=\"w-iconbox iconpos_left style_default color_light align_left no_text\"><a href=\"#\" class=\"w-iconbox-link\" aria-label=\"info@ags.ru\"><div class=\"w-iconbox-icon\"><i class=\"material-icons\">mail<\/i><\/div><\/a><div class=\"w-iconbox-meta\"><a href=\"#\" class=\"w-iconbox-link\" aria-label=\"info@ags.ru\"><h6 class=\"w-iconbox-title\">info@ags.ru<\/h6><\/a><\/div><\/div><div class=\"w-separator size_small with_line width_default thick_1 style_solid color_border align_center\"><div class=\"w-separator-h\"><\/div><\/div><div class=\"w-iconbox iconpos_left style_default color_light align_left no_text\"><div class=\"w-iconbox-icon\"><i class=\"material-icons\">phone<\/i><\/div><div class=\"w-iconbox-meta\"><h6 class=\"w-iconbox-title\">+7 495 320 30 34<\/h6><\/div><\/div><div class=\"w-separator size_small with_line width_default thick_1 style_solid color_border align_center\"><div class=\"w-separator-h\"><\/div><\/div><\/div><\/div><\/div><\/div><\/div><\/section><section class=\"l-section wpb_row height_auto width_full\"><div class=\"l-section-h i-cf\"><div class=\"g-cols vc_row via_flex valign_top type_default\"><div class=\"vc_col-sm-12 wpb_column vc_column_container\"><div class=\"vc_column-inner\"><div class=\"wpb_wrapper\"><div class=\"w-tabs style_default switch_click accordion type_togglable has_scrolling\" style=\"--sections-title-size:inherit\"><div class=\"w-tabs-sections titles-align_center icon_chevron cpos_right\"><div class=\"w-tabs-section no_indents has_text_color\" id=\"map-section\" style=\"background:#f7941e;color:#ffffff;\"><button aria-controls=\"content-map-section\" class=\"w-tabs-section-header with_icon\"><i class=\"material-icons\">place<\/i><div class=\"w-tabs-section-title\">AGS&#8217;YE HAR\u0130TA \u00dcZER\u0130NDEN BAKIN<\/div><div class=\"w-tabs-section-control\"><\/div><\/button><div  class=\"w-tabs-section-content\" id=\"content-map-section\" aria-expanded=\"false\"><div class=\"w-tabs-section-content-h i-cf\"><div class=\"w-map provider_google\" id=\"us_map_1\"><div class=\"w-map-json\" onclick='return {&quot;address&quot;:&quot;55.789702,37.551892&quot;,&quot;zoom&quot;:16,&quot;hideControls&quot;:0,&quot;disableZoom&quot;:0,&quot;disableDragging&quot;:1,&quot;markers&quot;:[{&quot;address&quot;:&quot;55.789702,37.551892&quot;,&quot;html&quot;:&quot;ISKRA ANA OF\\u0130S (AGS GENEL MERKEZ) &quot;,&quot;infowindow&quot;:false}],&quot;maptype&quot;:&quot;ROADMAP&quot;}'><\/div><\/div><\/div><\/div><\/div><\/div><\/div><\/div><\/div><\/div><\/div><\/div><\/section>\n","protected":false},"excerpt":{"rendered":"Name * person Fill out this field Email * email Fill out this field Phone * phone Fill out this field Text * create Fill out this field G\u00f6nder Sosyal A\u011flar FacebookTwitterGoogleYouTubeVkontakteISKRA LLC home125284, Moskova, Leningradsky Prospekt 35mailinfo@ags.ruphone+7 495 320 30 34placeAGS&#8217;YE HAR\u0130TA \u00dcZER\u0130NDEN BAKIN","protected":false},"author":1,"featured_media":0,"parent":23172,"menu_order":0,"comment_status":"closed","ping_status":"closed","template":"","meta":{"_acf_changed":false,"_monsterinsights_skip_tracking":false,"_monsterinsights_sitenote_active":false,"_monsterinsights_sitenote_note":"","_monsterinsights_sitenote_category":0,"footnotes":""},"class_list":["post-23157","page","type-page","status-publish","hentry"],"acf":[],"yoast_head":"<!-- This site is optimized with the Yoast SEO plugin v26.8 - https:\/\/yoast.com\/product\/yoast-seo-wordpress\/ -->\n<title>Bize Ula\u015f\u0131n - AGSCARB<\/title>\n<meta name=\"robots\" content=\"index, follow, max-snippet:-1, max-image-preview:large, max-video-preview:-1\" \/>\n<link rel=\"canonical\" href=\"https:\/\/ags.ru\/tr\/about-iskra-llc\/ags-iletisim\/\" \/>\n<meta property=\"og:locale\" content=\"tr_TR\" \/>\n<meta property=\"og:type\" content=\"article\" \/>\n<meta property=\"og:title\" content=\"Bize Ula\u015f\u0131n - AGSCARB\" \/>\n<meta property=\"og:url\" content=\"https:\/\/ags.ru\/tr\/about-iskra-llc\/ags-iletisim\/\" \/>\n<meta property=\"og:site_name\" content=\"AGSCARB\" \/>\n<meta property=\"article:modified_time\" content=\"2023-03-27T21:57:18+00:00\" \/>\n<meta name=\"twitter:card\" content=\"summary_large_image\" \/>\n<meta name=\"twitter:label1\" content=\"Tahmini okuma s\u00fcresi\" \/>\n\t<meta name=\"twitter:data1\" content=\"1 dakika\" \/>\n<script type=\"application\/ld+json\" class=\"yoast-schema-graph\">{\"@context\":\"https:\/\/schema.org\",\"@graph\":[{\"@type\":\"WebPage\",\"@id\":\"https:\/\/ags.ru\/tr\/about-iskra-llc\/ags-iletisim\/\",\"url\":\"https:\/\/ags.ru\/tr\/about-iskra-llc\/ags-iletisim\/\",\"name\":\"Bize Ula\u015f\u0131n - AGSCARB\",\"isPartOf\":{\"@id\":\"https:\/\/ags.ru\/#website\"},\"datePublished\":\"2013-05-31T11:56:39+00:00\",\"dateModified\":\"2023-03-27T21:57:18+00:00\",\"breadcrumb\":{\"@id\":\"https:\/\/ags.ru\/tr\/about-iskra-llc\/ags-iletisim\/#breadcrumb\"},\"inLanguage\":\"tr\",\"potentialAction\":[{\"@type\":\"ReadAction\",\"target\":[\"https:\/\/ags.ru\/tr\/about-iskra-llc\/ags-iletisim\/\"]}]},{\"@type\":\"BreadcrumbList\",\"@id\":\"https:\/\/ags.ru\/tr\/about-iskra-llc\/ags-iletisim\/#breadcrumb\",\"itemListElement\":[{\"@type\":\"ListItem\",\"position\":1,\"name\":\"Home\",\"item\":\"https:\/\/ags.ru\/tr\/\"},{\"@type\":\"ListItem\",\"position\":2,\"name\":\"About ISKRA LLC\",\"item\":\"https:\/\/ags.ru\/tr\/about-iskra-llc\/\"},{\"@type\":\"ListItem\",\"position\":3,\"name\":\"Bize Ula\u015f\u0131n\"}]},{\"@type\":\"WebSite\",\"@id\":\"https:\/\/ags.ru\/#website\",\"url\":\"https:\/\/ags.ru\/\",\"name\":\"AGSCARB\",\"description\":\"AGSCARB\",\"potentialAction\":[{\"@type\":\"SearchAction\",\"target\":{\"@type\":\"EntryPoint\",\"urlTemplate\":\"https:\/\/ags.ru\/?s={search_term_string}\"},\"query-input\":{\"@type\":\"PropertyValueSpecification\",\"valueRequired\":true,\"valueName\":\"search_term_string\"}}],\"inLanguage\":\"tr\"}]}<\/script>\n<!-- \/ Yoast SEO plugin. -->","yoast_head_json":{"title":"Bize Ula\u015f\u0131n - AGSCARB","robots":{"index":"index","follow":"follow","max-snippet":"max-snippet:-1","max-image-preview":"max-image-preview:large","max-video-preview":"max-video-preview:-1"},"canonical":"https:\/\/ags.ru\/tr\/about-iskra-llc\/ags-iletisim\/","og_locale":"tr_TR","og_type":"article","og_title":"Bize Ula\u015f\u0131n - AGSCARB","og_url":"https:\/\/ags.ru\/tr\/about-iskra-llc\/ags-iletisim\/","og_site_name":"AGSCARB","article_modified_time":"2023-03-27T21:57:18+00:00","twitter_card":"summary_large_image","twitter_misc":{"Tahmini okuma s\u00fcresi":"1 dakika"},"schema":{"@context":"https:\/\/schema.org","@graph":[{"@type":"WebPage","@id":"https:\/\/ags.ru\/tr\/about-iskra-llc\/ags-iletisim\/","url":"https:\/\/ags.ru\/tr\/about-iskra-llc\/ags-iletisim\/","name":"Bize Ula\u015f\u0131n - AGSCARB","isPartOf":{"@id":"https:\/\/ags.ru\/#website"},"datePublished":"2013-05-31T11:56:39+00:00","dateModified":"2023-03-27T21:57:18+00:00","breadcrumb":{"@id":"https:\/\/ags.ru\/tr\/about-iskra-llc\/ags-iletisim\/#breadcrumb"},"inLanguage":"tr","potentialAction":[{"@type":"ReadAction","target":["https:\/\/ags.ru\/tr\/about-iskra-llc\/ags-iletisim\/"]}]},{"@type":"BreadcrumbList","@id":"https:\/\/ags.ru\/tr\/about-iskra-llc\/ags-iletisim\/#breadcrumb","itemListElement":[{"@type":"ListItem","position":1,"name":"Home","item":"https:\/\/ags.ru\/tr\/"},{"@type":"ListItem","position":2,"name":"About ISKRA LLC","item":"https:\/\/ags.ru\/tr\/about-iskra-llc\/"},{"@type":"ListItem","position":3,"name":"Bize Ula\u015f\u0131n"}]},{"@type":"WebSite","@id":"https:\/\/ags.ru\/#website","url":"https:\/\/ags.ru\/","name":"AGSCARB","description":"AGSCARB","potentialAction":[{"@type":"SearchAction","target":{"@type":"EntryPoint","urlTemplate":"https:\/\/ags.ru\/?s={search_term_string}"},"query-input":{"@type":"PropertyValueSpecification","valueRequired":true,"valueName":"search_term_string"}}],"inLanguage":"tr"}]}},"_links":{"self":[{"href":"https:\/\/ags.ru\/tr\/wp-json\/wp\/v2\/pages\/23157","targetHints":{"allow":["GET"]}}],"collection":[{"href":"https:\/\/ags.ru\/tr\/wp-json\/wp\/v2\/pages"}],"about":[{"href":"https:\/\/ags.ru\/tr\/wp-json\/wp\/v2\/types\/page"}],"author":[{"embeddable":true,"href":"https:\/\/ags.ru\/tr\/wp-json\/wp\/v2\/users\/1"}],"replies":[{"embeddable":true,"href":"https:\/\/ags.ru\/tr\/wp-json\/wp\/v2\/comments?post=23157"}],"version-history":[{"count":22,"href":"https:\/\/ags.ru\/tr\/wp-json\/wp\/v2\/pages\/23157\/revisions"}],"predecessor-version":[{"id":27755,"href":"https:\/\/ags.ru\/tr\/wp-json\/wp\/v2\/pages\/23157\/revisions\/27755"}],"up":[{"embeddable":true,"href":"https:\/\/ags.ru\/tr\/wp-json\/wp\/v2\/pages\/23172"}],"wp:attachment":[{"href":"https:\/\/ags.ru\/tr\/wp-json\/wp\/v2\/media?parent=23157"}],"curies":[{"name":"wp","href":"https:\/\/api.w.org\/{rel}","templated":true}]}}