{"id":24017,"date":"2017-11-24T17:52:58","date_gmt":"2017-11-24T17:52:58","guid":{"rendered":"https:\/\/ags.ru\/polymer-additives-ags\/"},"modified":"2020-08-29T00:21:26","modified_gmt":"2020-08-28T21:21:26","slug":"ags-dobavki-dlya-pvh","status":"publish","type":"page","link":"https:\/\/ags.ru\/tr\/ags-dobavki-dlya-pvh\/","title":{"rendered":"\u0414\u041e\u0411\u0410\u0412\u041a\u0418 \u0414\u041b\u042f \u041f\u0412\u0425"},"content":{"rendered":"<section class=\"l-section wpb_row height_auto\"><div class=\"l-section-h i-cf\"><div class=\"g-cols vc_row via_flex valign_top type_default\"><div class=\"vc_col-sm-12 wpb_column vc_column_container\"><div class=\"vc_column-inner\"><div class=\"wpb_wrapper\"><div class=\"w-separator size_medium with_line width_default thick_1 style_solid color_primary align_center\"><div class=\"w-separator-h\"><\/div><\/div><div class=\"w-grid type_masonry layout_25641 cols_3 overflow_hidden with_isotope\" id=\"us_grid_1\" data-filterable=\"true\"><style>#us_grid_1 .w-grid-item{padding:2px}#us_grid_1 .w-grid-list{margin:-2px -2px 2px}.w-grid + #us_grid_1 .w-grid-list,.w-grid-none + #us_grid_1 .w-grid-list{margin-top:2px}@media (max-width:899px){#us_grid_1 .w-grid-item{width:50%}}@media (max-width:599px){#us_grid_1 .w-grid-list{margin:0}#us_grid_1 .w-grid-item{width:100%;padding:0;margin-bottom:2px}}.layout_25641 .w-grid-item-h{}.layout_25641 .usg_post_image_1{transition-duration:0.3s;transform-origin:50% 50%;transform:scale(1) translate(0,0)}.layout_25641 .w-grid-item-h:hover .usg_post_image_1{transform:scale(1) translate(0,0);opacity:0.15}.layout_25641 .usg_vwrapper_1{transition-duration:0.3s;transform-origin:50% 50%;transform:scale(1) translate(0,0)}.layout_25641 .w-grid-item-h:hover .usg_vwrapper_1{transform:scale(1) translate(0,0);opacity:0}.layout_25641 .usg_vwrapper_2{transition-duration:0.3s;transform-origin:50% 50%;transform:scale(1) translate(0,0)}.layout_25641 .w-grid-item-h:hover .usg_vwrapper_2{transform:scale(1) translate(0,-20%);opacity:1;color:inherit!important}.layout_25641 .usg_vwrapper_1{position:absolute!important;top:50%!important;right:0!important;bottom:-1px!important;left:0!important}.layout_25641 .usg_vwrapper_2{position:absolute!important;right:0!important;bottom:0!important;left:0!important;padding-right:2rem!important;padding-bottom:1.5rem!important;padding-left:2rem!important;color:#fff!important}.layout_25641 .usg_post_title_1{color:inherit!important}.layout_25641 .usg_post_content_1{font-size:13px!important}<\/style><div class=\"w-grid-list\">\t<article class=\"w-grid-item size_1x1 post-23352 us_portfolio type-us_portfolio status-publish has-post-thumbnail hentry us_portfolio_category-pvc-katkilari\" data-id=\"23352\">\r\n\t\t<div class=\"w-grid-item-h\" style=\"background:#7e57c2;color:#ffffff;\">\r\n\t\t\t\t\t\t\t<a class=\"w-grid-item-anchor\" href=\"https:\/\/ags.ru\/tr\/portfolio\/pvc-specialty-chemicals\/\" rel=\"bookmark\" aria-label=\"PVC Katk\u0131lar\u0131\"><\/a>\r\n\t\t\t\t\t\t<div class=\"w-post-elm post_image usg_post_image_1 stretched\"><img loading=\"lazy\" decoding=\"async\" width=\"300\" height=\"157\" src=\"https:\/\/ags.ru\/wp-content\/uploads\/2017\/11\/pvc-additives-resized-300x157.jpg\" class=\"attachment-medium size-medium wp-post-image\" alt=\"\" srcset=\"https:\/\/ags.ru\/wp-content\/uploads\/2017\/11\/pvc-additives-resized-300x157.jpg 300w, https:\/\/ags.ru\/wp-content\/uploads\/2017\/11\/pvc-additives-resized-768x401.jpg 768w, https:\/\/ags.ru\/wp-content\/uploads\/2017\/11\/pvc-additives-resized-1024x535.jpg 1024w, https:\/\/ags.ru\/wp-content\/uploads\/2017\/11\/pvc-additives-resized-600x314.jpg 600w, https:\/\/ags.ru\/wp-content\/uploads\/2017\/11\/pvc-additives-resized.jpg 1200w\" sizes=\"auto, (max-width: 300px) 100vw, 300px\" \/><\/div><div class=\"w-vwrapper usg_vwrapper_1 align_left valign_top\"><\/div><div class=\"w-vwrapper usg_vwrapper_2 align_left valign_top\"><h2 class=\"w-post-elm post_title usg_post_title_1 entry-title color_link_inherit\">PVC Katk\u0131lar\u0131<\/h2><div class=\"w-post-elm post_content usg_post_content_1\"><p>PVC uygulamalar\u0131 i\u00e7in <\/p>\n<\/div><\/div>\t\t<\/div>\r\n\t<\/article>\r\n<\/div><div class=\"w-grid-preloader\"><div class=\"g-preloader type_1\">\r\n\t<div><\/div>\r\n<\/div>\r\n<\/div>\t<div class=\"w-grid-json hidden\" onclick='return {&quot;action&quot;:&quot;us_ajax_grid&quot;,&quot;ajax_url&quot;:&quot;https:\\\/\\\/ags.ru\\\/wp-admin\\\/admin-ajax.php&quot;,&quot;infinite_scroll&quot;:0,&quot;max_num_pages&quot;:1,&quot;pagination&quot;:&quot;ajax&quot;,&quot;permalink_url&quot;:&quot;https:\\\/\\\/ags.ru\\\/tr\\\/wp-json\\\/wp\\\/v2\\\/pages\\\/24017\\\/&quot;,&quot;template_vars&quot;:{&quot;columns&quot;:&quot;3&quot;,&quot;exclude_items&quot;:&quot;none&quot;,&quot;img_size&quot;:&quot;medium&quot;,&quot;ignore_items_size&quot;:false,&quot;items_layout&quot;:&quot;25641&quot;,&quot;items_offset&quot;:&quot;1&quot;,&quot;load_animation&quot;:&quot;none&quot;,&quot;overriding_link&quot;:&quot;post&quot;,&quot;post_id&quot;:24017,&quot;query_args&quot;:{&quot;post_type&quot;:[&quot;us_portfolio&quot;],&quot;tax_query&quot;:[{&quot;taxonomy&quot;:&quot;us_portfolio_category&quot;,&quot;field&quot;:&quot;slug&quot;,&quot;terms&quot;:[&quot;dobavki-dlya-pvh&quot;]}],&quot;post_status&quot;:[&quot;publish&quot;,&quot;acf-disabled&quot;],&quot;posts_per_page&quot;:999},&quot;orderby_query_args&quot;:{&quot;orderby&quot;:{&quot;date&quot;:&quot;DESC&quot;}},&quot;type&quot;:&quot;masonry&quot;,&quot;us_grid_ajax_index&quot;:1,&quot;us_grid_filter_params&quot;:null,&quot;us_grid_index&quot;:1,&quot;_us_grid_post_type&quot;:&quot;us_portfolio&quot;,&quot;lang&quot;:&quot;tr&quot;}}'><\/div>\r\n\t<\/div><\/div><\/div><\/div><\/div><\/div><\/section>\n","protected":false},"excerpt":{"rendered":"PVC Is\u0131 Stabilizat\u00f6rleri Teknik \u00d6zellikler PVC Katk\u0131lar\u0131Is\u0131 Stabilizat\u00f6rleri PVC katk\u0131lar\u0131 hakk\u0131nda ayr\u0131nt\u0131l\u0131 bilgi almak i\u00e7in l\u00fctfen a\u015fa\u011f\u0131daki ileti\u015fim formunu kullan\u0131n. Kullan\u0131m Alanlar\u0131 Is\u0131 stabilizat\u00f6rleri neredeyse t\u00fcm PVC uygulamalar\u0131nda kullan\u0131lmaktad\u0131r. S\u0131k kullan\u0131lan baz\u0131 alanlar: Pencere profilleri Di\u011fer ekstr\u00fczyon uygulamalar\u0131 \u0130nce film ve ambalajlar Daha fazla bilgi i\u00e7inPlease contact us using the form below to learn more...","protected":false},"author":1,"featured_media":0,"parent":0,"menu_order":0,"comment_status":"closed","ping_status":"closed","template":"","meta":{"_acf_changed":false,"_monsterinsights_skip_tracking":false,"_monsterinsights_sitenote_active":false,"_monsterinsights_sitenote_note":"","_monsterinsights_sitenote_category":0,"footnotes":""},"class_list":["post-24017","page","type-page","status-publish","hentry"],"acf":[],"yoast_head":"<!-- This site is optimized with the Yoast SEO plugin v26.8 - https:\/\/yoast.com\/product\/yoast-seo-wordpress\/ -->\n<title>\u0414\u041e\u0411\u0410\u0412\u041a\u0418 \u0414\u041b\u042f \u041f\u0412\u0425 - AGSCARB<\/title>\n<meta name=\"robots\" content=\"index, follow, max-snippet:-1, max-image-preview:large, max-video-preview:-1\" \/>\n<link rel=\"canonical\" href=\"https:\/\/ags.ru\/tr\/ags-dobavki-dlya-pvh\/\" \/>\n<meta property=\"og:locale\" content=\"tr_TR\" \/>\n<meta property=\"og:type\" content=\"article\" \/>\n<meta property=\"og:title\" content=\"\u0414\u041e\u0411\u0410\u0412\u041a\u0418 \u0414\u041b\u042f \u041f\u0412\u0425 - AGSCARB\" \/>\n<meta property=\"og:url\" content=\"https:\/\/ags.ru\/tr\/ags-dobavki-dlya-pvh\/\" \/>\n<meta property=\"og:site_name\" content=\"AGSCARB\" \/>\n<meta property=\"article:modified_time\" content=\"2020-08-28T21:21:26+00:00\" \/>\n<meta name=\"twitter:card\" content=\"summary_large_image\" \/>\n<script type=\"application\/ld+json\" class=\"yoast-schema-graph\">{\"@context\":\"https:\/\/schema.org\",\"@graph\":[{\"@type\":\"WebPage\",\"@id\":\"https:\/\/ags.ru\/tr\/ags-dobavki-dlya-pvh\/\",\"url\":\"https:\/\/ags.ru\/tr\/ags-dobavki-dlya-pvh\/\",\"name\":\"\u0414\u041e\u0411\u0410\u0412\u041a\u0418 \u0414\u041b\u042f \u041f\u0412\u0425 - AGSCARB\",\"isPartOf\":{\"@id\":\"https:\/\/ags.ru\/#website\"},\"datePublished\":\"2017-11-24T17:52:58+00:00\",\"dateModified\":\"2020-08-28T21:21:26+00:00\",\"breadcrumb\":{\"@id\":\"https:\/\/ags.ru\/tr\/ags-dobavki-dlya-pvh\/#breadcrumb\"},\"inLanguage\":\"tr\",\"potentialAction\":[{\"@type\":\"ReadAction\",\"target\":[\"https:\/\/ags.ru\/tr\/ags-dobavki-dlya-pvh\/\"]}]},{\"@type\":\"BreadcrumbList\",\"@id\":\"https:\/\/ags.ru\/tr\/ags-dobavki-dlya-pvh\/#breadcrumb\",\"itemListElement\":[{\"@type\":\"ListItem\",\"position\":1,\"name\":\"Home\",\"item\":\"https:\/\/ags.ru\/tr\/\"},{\"@type\":\"ListItem\",\"position\":2,\"name\":\"\u0414\u041e\u0411\u0410\u0412\u041a\u0418 \u0414\u041b\u042f \u041f\u0412\u0425\"}]},{\"@type\":\"WebSite\",\"@id\":\"https:\/\/ags.ru\/#website\",\"url\":\"https:\/\/ags.ru\/\",\"name\":\"AGSCARB\",\"description\":\"AGSCARB\",\"potentialAction\":[{\"@type\":\"SearchAction\",\"target\":{\"@type\":\"EntryPoint\",\"urlTemplate\":\"https:\/\/ags.ru\/?s={search_term_string}\"},\"query-input\":{\"@type\":\"PropertyValueSpecification\",\"valueRequired\":true,\"valueName\":\"search_term_string\"}}],\"inLanguage\":\"tr\"}]}<\/script>\n<!-- \/ Yoast SEO plugin. -->","yoast_head_json":{"title":"\u0414\u041e\u0411\u0410\u0412\u041a\u0418 \u0414\u041b\u042f \u041f\u0412\u0425 - AGSCARB","robots":{"index":"index","follow":"follow","max-snippet":"max-snippet:-1","max-image-preview":"max-image-preview:large","max-video-preview":"max-video-preview:-1"},"canonical":"https:\/\/ags.ru\/tr\/ags-dobavki-dlya-pvh\/","og_locale":"tr_TR","og_type":"article","og_title":"\u0414\u041e\u0411\u0410\u0412\u041a\u0418 \u0414\u041b\u042f \u041f\u0412\u0425 - AGSCARB","og_url":"https:\/\/ags.ru\/tr\/ags-dobavki-dlya-pvh\/","og_site_name":"AGSCARB","article_modified_time":"2020-08-28T21:21:26+00:00","twitter_card":"summary_large_image","schema":{"@context":"https:\/\/schema.org","@graph":[{"@type":"WebPage","@id":"https:\/\/ags.ru\/tr\/ags-dobavki-dlya-pvh\/","url":"https:\/\/ags.ru\/tr\/ags-dobavki-dlya-pvh\/","name":"\u0414\u041e\u0411\u0410\u0412\u041a\u0418 \u0414\u041b\u042f \u041f\u0412\u0425 - AGSCARB","isPartOf":{"@id":"https:\/\/ags.ru\/#website"},"datePublished":"2017-11-24T17:52:58+00:00","dateModified":"2020-08-28T21:21:26+00:00","breadcrumb":{"@id":"https:\/\/ags.ru\/tr\/ags-dobavki-dlya-pvh\/#breadcrumb"},"inLanguage":"tr","potentialAction":[{"@type":"ReadAction","target":["https:\/\/ags.ru\/tr\/ags-dobavki-dlya-pvh\/"]}]},{"@type":"BreadcrumbList","@id":"https:\/\/ags.ru\/tr\/ags-dobavki-dlya-pvh\/#breadcrumb","itemListElement":[{"@type":"ListItem","position":1,"name":"Home","item":"https:\/\/ags.ru\/tr\/"},{"@type":"ListItem","position":2,"name":"\u0414\u041e\u0411\u0410\u0412\u041a\u0418 \u0414\u041b\u042f \u041f\u0412\u0425"}]},{"@type":"WebSite","@id":"https:\/\/ags.ru\/#website","url":"https:\/\/ags.ru\/","name":"AGSCARB","description":"AGSCARB","potentialAction":[{"@type":"SearchAction","target":{"@type":"EntryPoint","urlTemplate":"https:\/\/ags.ru\/?s={search_term_string}"},"query-input":{"@type":"PropertyValueSpecification","valueRequired":true,"valueName":"search_term_string"}}],"inLanguage":"tr"}]}},"_links":{"self":[{"href":"https:\/\/ags.ru\/tr\/wp-json\/wp\/v2\/pages\/24017","targetHints":{"allow":["GET"]}}],"collection":[{"href":"https:\/\/ags.ru\/tr\/wp-json\/wp\/v2\/pages"}],"about":[{"href":"https:\/\/ags.ru\/tr\/wp-json\/wp\/v2\/types\/page"}],"author":[{"embeddable":true,"href":"https:\/\/ags.ru\/tr\/wp-json\/wp\/v2\/users\/1"}],"replies":[{"embeddable":true,"href":"https:\/\/ags.ru\/tr\/wp-json\/wp\/v2\/comments?post=24017"}],"version-history":[{"count":8,"href":"https:\/\/ags.ru\/tr\/wp-json\/wp\/v2\/pages\/24017\/revisions"}],"predecessor-version":[{"id":27283,"href":"https:\/\/ags.ru\/tr\/wp-json\/wp\/v2\/pages\/24017\/revisions\/27283"}],"wp:attachment":[{"href":"https:\/\/ags.ru\/tr\/wp-json\/wp\/v2\/media?parent=24017"}],"curies":[{"name":"wp","href":"https:\/\/api.w.org\/{rel}","templated":true}]}}