{"id":25593,"date":"2020-04-21T18:33:32","date_gmt":"2020-04-21T15:33:32","guid":{"rendered":"https:\/\/ags.ru\/alfa-english\/"},"modified":"2020-08-29T00:21:30","modified_gmt":"2020-08-28T21:21:30","slug":"recine-ve-sertlestiriciler-alfa","status":"publish","type":"page","link":"https:\/\/ags.ru\/tr\/recine-ve-sertlestiriciler-alfa\/","title":{"rendered":"RE\u00c7\u0130NE VE SERTLE\u015eT\u0130R\u0130C\u0130LER"},"content":{"rendered":"<section class=\"l-section wpb_row height_auto\"><div class=\"l-section-h i-cf\"><div class=\"g-cols vc_row via_flex valign_top type_default\"><div class=\"vc_col-sm-12 wpb_column vc_column_container\"><div class=\"vc_column-inner\"><div class=\"wpb_wrapper\"><div class=\"w-separator size_medium with_line width_default thick_1 style_solid color_primary align_center\"><div class=\"w-separator-h\"><\/div><\/div><div class=\"w-grid type_grid layout_26459 cols_3 ratio_1x1\" id=\"us_grid_1\" data-filterable=\"true\"><style>#us_grid_1 .w-grid-item{padding:2px}#us_grid_1 .w-grid-list{margin:-2px -2px 2px}.w-grid + #us_grid_1 .w-grid-list,.w-grid-none + #us_grid_1 .w-grid-list{margin-top:2px}@media (max-width:899px){#us_grid_1 .w-grid-item{width:50%}#us_grid_1 .w-grid-item.size_2x1,#us_grid_1 .w-grid-item.size_2x2{width:100%}}@media (max-width:599px){#us_grid_1 .w-grid-list{margin:0}#us_grid_1 .w-grid-item{width:100%;padding:0;margin-bottom:2px}}.layout_26459 .w-grid-item-h:before{padding-bottom:100%}@media (min-width:600px){.layout_26459 .w-grid-item.size_1x2 .w-grid-item-h:before{padding-bottom:calc(200% + 2px + 2px)}.layout_26459 .w-grid-item.size_2x1 .w-grid-item-h:before{padding-bottom:calc(50% - 2px * 1)}.layout_26459 .w-grid-item.size_2x2 .w-grid-item-h:before{padding-bottom:calc(100% - 2px * 0)}}.layout_26459 .w-grid-item-h{}.layout_26459 .usg_post_image_1{transition-duration:0.3s;transform-origin:50% 50%;transform:scale(1) translate(0,0)}.layout_26459 .w-grid-item-h:hover .usg_post_image_1{transform:scale(1) translate(0,0);opacity:0.15}.layout_26459 .usg_vwrapper_1{transition-duration:0.3s;transform-origin:50% 50%;transform:scale(1) translate(0,0)}.layout_26459 .w-grid-item-h:hover .usg_vwrapper_1{transform:scale(1) translate(0,0);opacity:0}.layout_26459 .usg_vwrapper_2{transition-duration:0.3s;transform-origin:50% 50%;transform:scale(1) translate(0,0)}.layout_26459 .w-grid-item-h:hover .usg_vwrapper_2{transform:scale(1) translate(0,-20%);opacity:1;color:inherit!important}.layout_26459 .usg_post_image_1{position:absolute!important;top:0!important;right:0!important;bottom:0!important;left:0!important}.layout_26459 .usg_vwrapper_1{position:absolute!important;top:50%!important;right:0!important;bottom:-1px!important;left:0!important}.layout_26459 .usg_vwrapper_2{position:absolute!important;right:0!important;bottom:0!important;left:0!important;padding-right:2rem!important;padding-bottom:1.5rem!important;padding-left:2rem!important;color:#fff!important}.layout_26459 .usg_post_title_1{color:inherit!important}.layout_26459 .usg_post_content_1{font-size:13px!important}<\/style><div class=\"w-grid-list\">\t<article class=\"w-grid-item size_1x1 post-25586 us_portfolio type-us_portfolio status-publish has-post-thumbnail hentry us_portfolio_category-recine-sertlestirici\" data-id=\"25586\">\r\n\t\t<div class=\"w-grid-item-h\" style=\"background:#3481c9;color:#ffffff;\">\r\n\t\t\t\t\t\t\t<a class=\"w-grid-item-anchor\" href=\"https:\/\/ags.ru\/tr\/portfolio\/alkyd-resins\/\" rel=\"bookmark\" aria-label=\"Alkyd Resins\"><\/a>\r\n\t\t\t\t\t\t<div class=\"w-post-elm post_image usg_post_image_1 stretched\"><img loading=\"lazy\" decoding=\"async\" width=\"600\" height=\"335\" src=\"https:\/\/ags.ru\/wp-content\/uploads\/2020\/04\/AGS-Alkid-Alfa-images-V1-min-600x335.png\" class=\"attachment-us_600_0 size-us_600_0 wp-post-image\" alt=\"AGS-Alkid-Alfa-images-V1-min\" srcset=\"https:\/\/ags.ru\/wp-content\/uploads\/2020\/04\/AGS-Alkid-Alfa-images-V1-min-600x335.png 600w, https:\/\/ags.ru\/wp-content\/uploads\/2020\/04\/AGS-Alkid-Alfa-images-V1-min-300x168.png 300w, https:\/\/ags.ru\/wp-content\/uploads\/2020\/04\/AGS-Alkid-Alfa-images-V1-min-1024x572.png 1024w, https:\/\/ags.ru\/wp-content\/uploads\/2020\/04\/AGS-Alkid-Alfa-images-V1-min-768x429.png 768w, https:\/\/ags.ru\/wp-content\/uploads\/2020\/04\/AGS-Alkid-Alfa-images-V1-min.png 1080w\" sizes=\"auto, (max-width: 600px) 100vw, 600px\" \/><\/div><div class=\"w-vwrapper usg_vwrapper_1 align_left valign_top\"><\/div><div class=\"w-vwrapper usg_vwrapper_2 align_left valign_top\"><h2 class=\"w-post-elm post_title usg_post_title_1 entry-title color_link_inherit\">Alkyd Resins<\/h2><div class=\"w-post-elm post_content usg_post_content_1\"><p>boya uygulamalar\u0131 i\u00e7in<\/p>\n<\/div><\/div>\t\t<\/div>\r\n\t<\/article>\r\n\t<article class=\"w-grid-item size_1x1 post-25493 us_portfolio type-us_portfolio status-publish has-post-thumbnail hentry us_portfolio_category-recine-sertlestirici\" data-id=\"25493\">\r\n\t\t<div class=\"w-grid-item-h\" style=\"background:#7cb342;color:#ffffff;\">\r\n\t\t\t\t\t\t\t<a class=\"w-grid-item-anchor\" href=\"https:\/\/ags.ru\/tr\/portfolio\/sertlestiriciler\/\" rel=\"bookmark\" aria-label=\"Sertle\u015ftiriciler\"><\/a>\r\n\t\t\t\t\t\t<div class=\"w-post-elm post_image usg_post_image_1 stretched\"><img loading=\"lazy\" decoding=\"async\" width=\"600\" height=\"400\" src=\"https:\/\/ags.ru\/wp-content\/uploads\/2020\/04\/AGS-Hardener-Alfa-image-v2-min-600x400.png\" class=\"attachment-us_600_0 size-us_600_0 wp-post-image\" alt=\"AGS-Hardener-Alfa image v2-min\" srcset=\"https:\/\/ags.ru\/wp-content\/uploads\/2020\/04\/AGS-Hardener-Alfa-image-v2-min-600x400.png 600w, https:\/\/ags.ru\/wp-content\/uploads\/2020\/04\/AGS-Hardener-Alfa-image-v2-min-300x200.png 300w, https:\/\/ags.ru\/wp-content\/uploads\/2020\/04\/AGS-Hardener-Alfa-image-v2-min-1024x683.png 1024w, https:\/\/ags.ru\/wp-content\/uploads\/2020\/04\/AGS-Hardener-Alfa-image-v2-min-768x512.png 768w, https:\/\/ags.ru\/wp-content\/uploads\/2020\/04\/AGS-Hardener-Alfa-image-v2-min.png 1080w\" sizes=\"auto, (max-width: 600px) 100vw, 600px\" \/><\/div><div class=\"w-vwrapper usg_vwrapper_1 align_left valign_top\"><\/div><div class=\"w-vwrapper usg_vwrapper_2 align_left valign_top\"><h2 class=\"w-post-elm post_title usg_post_title_1 entry-title color_link_inherit\">Sertle\u015ftiriciler<\/h2><div class=\"w-post-elm post_content usg_post_content_1\"><p>ah\u015fap ve otomobil kaplamalar\u0131 i\u00e7in<\/p>\n<\/div><\/div>\t\t<\/div>\r\n\t<\/article>\r\n\t<article class=\"w-grid-item size_1x1 post-25480 us_portfolio type-us_portfolio status-publish has-post-thumbnail hentry us_portfolio_category-recine-sertlestirici\" data-id=\"25480\">\r\n\t\t<div class=\"w-grid-item-h\" style=\"background:#ffd54f;color:#2b2420;\">\r\n\t\t\t\t\t\t\t<a class=\"w-grid-item-anchor\" href=\"https:\/\/ags.ru\/tr\/portfolio\/akrilik-recineler\/\" rel=\"bookmark\" aria-label=\"Akrilik Re\u00e7ineler\"><\/a>\r\n\t\t\t\t\t\t<div class=\"w-post-elm post_image usg_post_image_1 stretched\"><img loading=\"lazy\" decoding=\"async\" width=\"600\" height=\"400\" src=\"https:\/\/ags.ru\/wp-content\/uploads\/2020\/04\/AGS-Akrilik-Alfa-Image-V1-min-600x400.png\" class=\"attachment-us_600_0 size-us_600_0 wp-post-image\" alt=\"AGS-Akrilik-Alfa Image V1-min\" srcset=\"https:\/\/ags.ru\/wp-content\/uploads\/2020\/04\/AGS-Akrilik-Alfa-Image-V1-min-600x400.png 600w, https:\/\/ags.ru\/wp-content\/uploads\/2020\/04\/AGS-Akrilik-Alfa-Image-V1-min-300x200.png 300w, https:\/\/ags.ru\/wp-content\/uploads\/2020\/04\/AGS-Akrilik-Alfa-Image-V1-min-1024x683.png 1024w, https:\/\/ags.ru\/wp-content\/uploads\/2020\/04\/AGS-Akrilik-Alfa-Image-V1-min-768x512.png 768w, https:\/\/ags.ru\/wp-content\/uploads\/2020\/04\/AGS-Akrilik-Alfa-Image-V1-min.png 1080w\" sizes=\"auto, (max-width: 600px) 100vw, 600px\" \/><\/div><div class=\"w-vwrapper usg_vwrapper_1 align_left valign_top\"><\/div><div class=\"w-vwrapper usg_vwrapper_2 align_left valign_top\"><h2 class=\"w-post-elm post_title usg_post_title_1 entry-title color_link_inherit\">Akrilik Re\u00e7ineler<\/h2><div class=\"w-post-elm post_content usg_post_content_1\"><p>boya uygulamalar\u0131 i\u00e7in<\/p>\n<\/div><\/div>\t\t<\/div>\r\n\t<\/article>\r\n<\/div><div class=\"w-grid-preloader\"><div class=\"g-preloader type_1\">\r\n\t<div><\/div>\r\n<\/div>\r\n<\/div>\t<div class=\"w-grid-json hidden\" onclick='return {&quot;action&quot;:&quot;us_ajax_grid&quot;,&quot;ajax_url&quot;:&quot;https:\\\/\\\/ags.ru\\\/wp-admin\\\/admin-ajax.php&quot;,&quot;infinite_scroll&quot;:0,&quot;max_num_pages&quot;:1,&quot;pagination&quot;:&quot;ajax&quot;,&quot;permalink_url&quot;:&quot;https:\\\/\\\/ags.ru\\\/tr\\\/wp-json\\\/wp\\\/v2\\\/pages\\\/25593\\\/&quot;,&quot;template_vars&quot;:{&quot;columns&quot;:&quot;3&quot;,&quot;exclude_items&quot;:&quot;none&quot;,&quot;img_size&quot;:&quot;us_600_0&quot;,&quot;ignore_items_size&quot;:false,&quot;items_layout&quot;:&quot;26459&quot;,&quot;items_offset&quot;:&quot;1&quot;,&quot;load_animation&quot;:&quot;none&quot;,&quot;overriding_link&quot;:&quot;post&quot;,&quot;post_id&quot;:25593,&quot;query_args&quot;:{&quot;post_type&quot;:[&quot;us_portfolio&quot;],&quot;tax_query&quot;:[{&quot;taxonomy&quot;:&quot;us_portfolio_category&quot;,&quot;field&quot;:&quot;slug&quot;,&quot;terms&quot;:[&quot;recine-sertlestirici&quot;]}],&quot;post_status&quot;:[&quot;publish&quot;,&quot;acf-disabled&quot;],&quot;posts_per_page&quot;:999},&quot;orderby_query_args&quot;:{&quot;orderby&quot;:{&quot;date&quot;:&quot;DESC&quot;}},&quot;type&quot;:&quot;grid&quot;,&quot;us_grid_ajax_index&quot;:1,&quot;us_grid_filter_params&quot;:null,&quot;us_grid_index&quot;:1,&quot;_us_grid_post_type&quot;:&quot;us_portfolio&quot;,&quot;lang&quot;:&quot;tr&quot;}}'><\/div>\r\n\t<\/div><\/div><\/div><\/div><\/div><\/div><\/section>\n","protected":false},"excerpt":{"rendered":"Akrilik Re\u00e7ineler Akrilik, polimerlerin \u00fcretimi i\u00e7in ba\u015flang\u0131\u00e7 maddesi \u00f6zelli\u011fini ta\u015f\u0131r. Akrilik maddesi, modern end\u00fcstride bir\u00e7ok alanda kullan\u0131lan bir maddedir. Levha, boya, orlon, elyaf, iplik, cam ve pleksiglas gibi \u00fcr\u00fcnlerin imalat\u0131nda akrilik kullan\u0131l\u0131r. Akrilik re\u00e7ine ise, fonksiyonel grup i\u00e7eren (amid, karboksil, hidroksil, epoksi gruplar\u0131 v.b) veya i\u00e7ermeyen akrilik ve metakrilik asit esterlerinin sahip olduklar\u0131 etilen \u00e7ift...","protected":false},"author":1,"featured_media":0,"parent":0,"menu_order":0,"comment_status":"closed","ping_status":"closed","template":"","meta":{"_acf_changed":false,"_monsterinsights_skip_tracking":false,"_monsterinsights_sitenote_active":false,"_monsterinsights_sitenote_note":"","_monsterinsights_sitenote_category":0,"footnotes":""},"class_list":["post-25593","page","type-page","status-publish","hentry"],"acf":[],"yoast_head":"<!-- This site is optimized with the Yoast SEO plugin v26.8 - https:\/\/yoast.com\/product\/yoast-seo-wordpress\/ -->\n<title>RE\u00c7\u0130NE VE SERTLE\u015eT\u0130R\u0130C\u0130LER - AGSCARB<\/title>\n<meta name=\"robots\" content=\"index, follow, max-snippet:-1, max-image-preview:large, max-video-preview:-1\" \/>\n<link rel=\"canonical\" href=\"https:\/\/ags.ru\/tr\/recine-ve-sertlestiriciler-alfa\/\" \/>\n<meta property=\"og:locale\" content=\"tr_TR\" \/>\n<meta property=\"og:type\" content=\"article\" \/>\n<meta property=\"og:title\" content=\"RE\u00c7\u0130NE VE SERTLE\u015eT\u0130R\u0130C\u0130LER - AGSCARB\" \/>\n<meta property=\"og:url\" content=\"https:\/\/ags.ru\/tr\/recine-ve-sertlestiriciler-alfa\/\" \/>\n<meta property=\"og:site_name\" content=\"AGSCARB\" \/>\n<meta property=\"article:modified_time\" content=\"2020-08-28T21:21:30+00:00\" \/>\n<meta name=\"twitter:card\" content=\"summary_large_image\" \/>\n<script type=\"application\/ld+json\" class=\"yoast-schema-graph\">{\"@context\":\"https:\/\/schema.org\",\"@graph\":[{\"@type\":\"WebPage\",\"@id\":\"https:\/\/ags.ru\/tr\/recine-ve-sertlestiriciler-alfa\/\",\"url\":\"https:\/\/ags.ru\/tr\/recine-ve-sertlestiriciler-alfa\/\",\"name\":\"RE\u00c7\u0130NE VE SERTLE\u015eT\u0130R\u0130C\u0130LER - AGSCARB\",\"isPartOf\":{\"@id\":\"https:\/\/ags.ru\/#website\"},\"datePublished\":\"2020-04-21T15:33:32+00:00\",\"dateModified\":\"2020-08-28T21:21:30+00:00\",\"breadcrumb\":{\"@id\":\"https:\/\/ags.ru\/tr\/recine-ve-sertlestiriciler-alfa\/#breadcrumb\"},\"inLanguage\":\"tr\",\"potentialAction\":[{\"@type\":\"ReadAction\",\"target\":[\"https:\/\/ags.ru\/tr\/recine-ve-sertlestiriciler-alfa\/\"]}]},{\"@type\":\"BreadcrumbList\",\"@id\":\"https:\/\/ags.ru\/tr\/recine-ve-sertlestiriciler-alfa\/#breadcrumb\",\"itemListElement\":[{\"@type\":\"ListItem\",\"position\":1,\"name\":\"Home\",\"item\":\"https:\/\/ags.ru\/tr\/\"},{\"@type\":\"ListItem\",\"position\":2,\"name\":\"RE\u00c7\u0130NE VE SERTLE\u015eT\u0130R\u0130C\u0130LER\"}]},{\"@type\":\"WebSite\",\"@id\":\"https:\/\/ags.ru\/#website\",\"url\":\"https:\/\/ags.ru\/\",\"name\":\"AGSCARB\",\"description\":\"AGSCARB\",\"potentialAction\":[{\"@type\":\"SearchAction\",\"target\":{\"@type\":\"EntryPoint\",\"urlTemplate\":\"https:\/\/ags.ru\/?s={search_term_string}\"},\"query-input\":{\"@type\":\"PropertyValueSpecification\",\"valueRequired\":true,\"valueName\":\"search_term_string\"}}],\"inLanguage\":\"tr\"}]}<\/script>\n<!-- \/ Yoast SEO plugin. -->","yoast_head_json":{"title":"RE\u00c7\u0130NE VE SERTLE\u015eT\u0130R\u0130C\u0130LER - AGSCARB","robots":{"index":"index","follow":"follow","max-snippet":"max-snippet:-1","max-image-preview":"max-image-preview:large","max-video-preview":"max-video-preview:-1"},"canonical":"https:\/\/ags.ru\/tr\/recine-ve-sertlestiriciler-alfa\/","og_locale":"tr_TR","og_type":"article","og_title":"RE\u00c7\u0130NE VE SERTLE\u015eT\u0130R\u0130C\u0130LER - AGSCARB","og_url":"https:\/\/ags.ru\/tr\/recine-ve-sertlestiriciler-alfa\/","og_site_name":"AGSCARB","article_modified_time":"2020-08-28T21:21:30+00:00","twitter_card":"summary_large_image","schema":{"@context":"https:\/\/schema.org","@graph":[{"@type":"WebPage","@id":"https:\/\/ags.ru\/tr\/recine-ve-sertlestiriciler-alfa\/","url":"https:\/\/ags.ru\/tr\/recine-ve-sertlestiriciler-alfa\/","name":"RE\u00c7\u0130NE VE SERTLE\u015eT\u0130R\u0130C\u0130LER - AGSCARB","isPartOf":{"@id":"https:\/\/ags.ru\/#website"},"datePublished":"2020-04-21T15:33:32+00:00","dateModified":"2020-08-28T21:21:30+00:00","breadcrumb":{"@id":"https:\/\/ags.ru\/tr\/recine-ve-sertlestiriciler-alfa\/#breadcrumb"},"inLanguage":"tr","potentialAction":[{"@type":"ReadAction","target":["https:\/\/ags.ru\/tr\/recine-ve-sertlestiriciler-alfa\/"]}]},{"@type":"BreadcrumbList","@id":"https:\/\/ags.ru\/tr\/recine-ve-sertlestiriciler-alfa\/#breadcrumb","itemListElement":[{"@type":"ListItem","position":1,"name":"Home","item":"https:\/\/ags.ru\/tr\/"},{"@type":"ListItem","position":2,"name":"RE\u00c7\u0130NE VE SERTLE\u015eT\u0130R\u0130C\u0130LER"}]},{"@type":"WebSite","@id":"https:\/\/ags.ru\/#website","url":"https:\/\/ags.ru\/","name":"AGSCARB","description":"AGSCARB","potentialAction":[{"@type":"SearchAction","target":{"@type":"EntryPoint","urlTemplate":"https:\/\/ags.ru\/?s={search_term_string}"},"query-input":{"@type":"PropertyValueSpecification","valueRequired":true,"valueName":"search_term_string"}}],"inLanguage":"tr"}]}},"_links":{"self":[{"href":"https:\/\/ags.ru\/tr\/wp-json\/wp\/v2\/pages\/25593","targetHints":{"allow":["GET"]}}],"collection":[{"href":"https:\/\/ags.ru\/tr\/wp-json\/wp\/v2\/pages"}],"about":[{"href":"https:\/\/ags.ru\/tr\/wp-json\/wp\/v2\/types\/page"}],"author":[{"embeddable":true,"href":"https:\/\/ags.ru\/tr\/wp-json\/wp\/v2\/users\/1"}],"replies":[{"embeddable":true,"href":"https:\/\/ags.ru\/tr\/wp-json\/wp\/v2\/comments?post=25593"}],"version-history":[{"count":8,"href":"https:\/\/ags.ru\/tr\/wp-json\/wp\/v2\/pages\/25593\/revisions"}],"predecessor-version":[{"id":27307,"href":"https:\/\/ags.ru\/tr\/wp-json\/wp\/v2\/pages\/25593\/revisions\/27307"}],"wp:attachment":[{"href":"https:\/\/ags.ru\/tr\/wp-json\/wp\/v2\/media?parent=25593"}],"curies":[{"name":"wp","href":"https:\/\/api.w.org\/{rel}","templated":true}]}}